{"id":2,"date":"2026-02-22T23:55:05","date_gmt":"2026-02-22T23:55:05","guid":{"rendered":"https:\/\/galvanhernandez.com\/emilio\/?page_id=2"},"modified":"2026-03-06T17:34:07","modified_gmt":"2026-03-06T17:34:07","slug":"sample-page","status":"publish","type":"page","link":"https:\/\/galvanhernandez.com\/emilio\/sample-page\/","title":{"rendered":"Contacto"},"content":{"rendered":"\t\t<div data-elementor-type=\"wp-page\" data-elementor-id=\"2\" class=\"elementor elementor-2\">\n\t\t\t\t<div class=\"elementor-element elementor-element-97268cc e-flex e-con-boxed e-con e-parent\" data-id=\"97268cc\" data-element_type=\"container\" data-e-type=\"container\">\n\t\t\t\t\t<div class=\"e-con-inner\">\n\t\t\t\t<div class=\"elementor-element elementor-element-25df209 elementor-widget elementor-widget-text-editor\" data-id=\"25df209\" data-element_type=\"widget\" data-e-type=\"widget\" data-widget_type=\"text-editor.default\">\n\t\t\t\t\t\t\t\t\t<p>We are first-grade high school students at Varmond School. On this page we offer for sale resin keychains with insects and flowers.<\/p>\t\t\t\t\t\t\t\t<\/div>\n\t\t\t\t\t<\/div>\n\t\t\t\t<\/div>\n\t\t<div class=\"elementor-element elementor-element-192b5a9 e-flex e-con-boxed e-con e-parent\" data-id=\"192b5a9\" data-element_type=\"container\" data-e-type=\"container\">\n\t\t\t\t\t<div class=\"e-con-inner\">\n\t\t\t\t<div class=\"elementor-element elementor-element-13044b3 elementor-widget elementor-widget-text-editor\" data-id=\"13044b3\" data-element_type=\"widget\" data-e-type=\"widget\" data-widget_type=\"text-editor.default\">\n\t\t\t\t\t\t\t\t\t<p><strong>si est\u00e1s interesado en alguno de nuestros llaveros, escr\u00edbenos a los siguientes correos:<\/strong><\/p><p><!-- \/wp:paragraph --><!-- wp:paragraph {\"style\":{\"elements\":{\"link\":{\"color\":{\"text\":\"var:preset|color|vivid-cyan-blue\"},\":hover\":{\"color\":{\"text\":\"var:preset|color|vivid-cyan-blue\"}}}}},\"textColor\":\"black\",\"fontSize\":\"medium\"} --><\/p><p class=\"has-black-color has-text-color has-link-color has-medium-font-size\">Emilio Galv\u00e1n Hern\u00e1ndez : <a href=\"mailto:emilio.galvan@varmondschool.edu.mx\">emilio.galvan@varmondschool.edu.mx<\/a>.<\/p><p><!-- \/wp:paragraph --><!-- wp:paragraph --><!-- \/wp:paragraph --><!-- wp:paragraph {\"style\":{\"elements\":{\"link\":{\"color\":{\"text\":\"var:preset|color|vivid-cyan-blue\"}}}},\"textColor\":\"black\",\"fontSize\":\"medium\"} --><\/p><p class=\"has-black-color has-text-color has-link-color has-medium-font-size\">Andr\u00e9 Naranjo P\u00e9rez : <a href=\"mailto:andre.naranjo@varmondschool.edu.mx\">andre.naranjo@varmondschool.edu.mx<\/a><\/p><p><!-- \/wp:paragraph --><!-- wp:paragraph {\"style\":{\"elements\":{\"link\":{\"color\":{\"text\":\"var:preset|color|vivid-cyan-blue\"}}}},\"textColor\":\"black\",\"fontSize\":\"medium\"} --><\/p><p class=\"has-black-color has-text-color has-link-color has-medium-font-size\">Ignacio Machado Orozco : <a href=\"mailto:ignacio.machado@varmondschool.edu.mx\">ignacio.machado@varmondschool.edu.mx<\/a><\/p><p><!-- \/wp:paragraph --><!-- wp:paragraph {\"style\":{\"elements\":{\"link\":{\"color\":{\"text\":\"var:preset|color|vivid-cyan-blue\"}}}},\"textColor\":\"black\",\"fontSize\":\"medium\"} --><\/p><p class=\"has-black-color has-text-color has-link-color has-medium-font-size\">Gael Salvador Barrag\u00e1n Guzm\u00e1n : <a href=\"mailto:gael.salvador@varmondschool.edu.mx\">gael.salvador@varmondschool.edu.mx<\/a><\/p><p><!-- \/wp:paragraph --><!-- wp:paragraph {\"fontSize\":\"medium\"} --><\/p><p><!-- \/wp:paragraph --><!-- wp:paragraph --><\/p><p><!-- \/wp:paragraph --><\/p>\t\t\t\t\t\t\t\t<\/div>\n\t\t\t\t\t<\/div>\n\t\t\t\t<\/div>\n\t\t<div class=\"elementor-element elementor-element-e1bcbaf e-flex e-con-boxed e-con e-parent\" data-id=\"e1bcbaf\" data-element_type=\"container\" data-e-type=\"container\">\n\t\t\t\t\t<div class=\"e-con-inner\">\n\t\t\t\t<div class=\"elementor-element elementor-element-7791fa2 elementor-widget-divider--view-line elementor-widget elementor-widget-divider\" data-id=\"7791fa2\" data-element_type=\"widget\" data-e-type=\"widget\" data-widget_type=\"divider.default\">\n\t\t\t\t\t\t\t<div class=\"elementor-divider\">\n\t\t\t<span class=\"elementor-divider-separator\">\n\t\t\t\t\t\t<\/span>\n\t\t<\/div>\n\t\t\t\t\t\t<\/div>\n\t\t\t\t\t<\/div>\n\t\t\t\t<\/div>\n\t\t\t\t<\/div>\n\t\t","protected":false},"excerpt":{"rendered":"<p>We are first-grade high school students at Varmond School. On this page we offer for sale resin keychains with insects and flowers. si est\u00e1s interesado en alguno de nuestros llaveros, escr\u00edbenos a los siguientes correos: Emilio Galv\u00e1n Hern\u00e1ndez : emilio.galvan@varmondschool.edu.mx. Andr\u00e9 Naranjo P\u00e9rez : andre.naranjo@varmondschool.edu.mx Ignacio Machado Orozco : ignacio.machado@varmondschool.edu.mx [&hellip;]<\/p>\n","protected":false},"author":1,"featured_media":0,"parent":0,"menu_order":0,"comment_status":"closed","ping_status":"open","template":"","meta":{"pagelayer_contact_templates":[],"_pagelayer_content":"","_themeisle_gutenberg_block_has_review":false,"footnotes":""},"class_list":["post-2","page","type-page","status-publish","hentry"],"_links":{"self":[{"href":"https:\/\/galvanhernandez.com\/emilio\/wp-json\/wp\/v2\/pages\/2","targetHints":{"allow":["GET"]}}],"collection":[{"href":"https:\/\/galvanhernandez.com\/emilio\/wp-json\/wp\/v2\/pages"}],"about":[{"href":"https:\/\/galvanhernandez.com\/emilio\/wp-json\/wp\/v2\/types\/page"}],"author":[{"embeddable":true,"href":"https:\/\/galvanhernandez.com\/emilio\/wp-json\/wp\/v2\/users\/1"}],"replies":[{"embeddable":true,"href":"https:\/\/galvanhernandez.com\/emilio\/wp-json\/wp\/v2\/comments?post=2"}],"version-history":[{"count":31,"href":"https:\/\/galvanhernandez.com\/emilio\/wp-json\/wp\/v2\/pages\/2\/revisions"}],"predecessor-version":[{"id":198,"href":"https:\/\/galvanhernandez.com\/emilio\/wp-json\/wp\/v2\/pages\/2\/revisions\/198"}],"wp:attachment":[{"href":"https:\/\/galvanhernandez.com\/emilio\/wp-json\/wp\/v2\/media?parent=2"}],"curies":[{"name":"wp","href":"https:\/\/api.w.org\/{rel}","templated":true}]}}